{"id":7974,"date":"2020-01-27T16:36:32","date_gmt":"2020-01-27T16:36:32","guid":{"rendered":"https:\/\/burespro.neorgvirtual.com\/politica-privacidad\/"},"modified":"2020-03-26T10:07:11","modified_gmt":"2020-03-26T10:07:11","slug":"politica-privacidad","status":"publish","type":"page","link":"https:\/\/www.burespro.com\/ca\/politica-privacidad\/","title":{"rendered":"Pol\u00edtica de privacitat"},"content":{"rendered":"\n<p>BUR\u00c9S\nPROFESIONAL, SA, en aplicaci\u00f3 de la normativa vigent en mat\u00e8ria de protecci\u00f3 de\ndades de car\u00e0cter personal, s&#8217;informa que les dades personals que es recullen a\ntrav\u00e9s dels formularis del Lloc web: www.burespro.com, s&#8217;inclouen en els\nfitxers automatitzats espec\u00edfics d&#8217;usuaris dels serveis de protecci\u00f3 de dades.<\/p>\n\n\n\n<p>La\nrecollida i tractament automatitzat de les dades de car\u00e0cter personal t\u00e9 com a\nfinalitat el manteniment de la relaci\u00f3 comercial i l&#8217;acompliment de tasques\nd&#8217;informaci\u00f3, formaci\u00f3, assessorament i altres activitats pr\u00f2pies de BUR\u00c9S\nPROFESIONAL, S.A.<\/p>\n\n\n\n<p>Aquestes\ndades \u00fanicament seran cedides a aquelles entitats que siguin necess\u00e0ries amb\nl&#8217;\u00fanic objectiu de donar compliment a la finalitat anteriorment exposada.<\/p>\n\n\n\n<p>BUR\u00c9S\nPROFESIONAL, S.A. adopta les mesures necess\u00e0ries per garantir la seguretat,\nintegritat i confidencialitat de les dades d&#8217;acord amb el que disposa el\nReglament (UE) 2016\/679 del Parlament Europeu i del Consell, de 27 d&#8217;abril de\n2016, relatiu a la protecci\u00f3 de les persones f\u00edsiques pel que fa al tractament\nde dades personals ia la lliure circulaci\u00f3 dels mateixos.<\/p>\n\n\n\n<p>L&#8217;usuari\npodr\u00e0 en qualsevol moment exercitar els drets d&#8217;acc\u00e9s, oposici\u00f3, rectificaci\u00f3 i\ncancel\u00b7laci\u00f3 reconeguts en el citat Reglament (UE). L&#8217;exercici d&#8217;aquests drets\npot realitzar el propi usuari a trav\u00e9s d&#8217;email a: comunicaciones@burespro.com o\na l&#8217;adre\u00e7a: Carrer Puig de Sant Roc, 1 &#8211; E-17180 Vilablareix (Girona).<\/p>\n\n\n\n<p>L&#8217;usuari\nmanifesta que totes les dades facilitades per ell s\u00f3n certes i correctes, i es\ncompromet a mantenir-les actualitzades, comunicant els canvis a BUR\u00c9S\nPROFESIONAL, S.A.<\/p>\n\n\n\n<p><strong>Finalitat del tractament de les dades\npersonals:<\/strong><\/p>\n\n\n\n<p><strong>Amb quina finalitat tractarem les teves\ndades personals?<\/strong><\/p>\n\n\n\n<p>BUR\u00c9S\nPROFESSIONAL, SA, tractarem les teves dades personals demanades a trav\u00e9s del\nlloc web: www.burespro.com, amb les seg\u00fcents finalitats:<\/p>\n\n\n\n<ol class=\"wp-block-list\"><li>En cas de contractaci\u00f3 dels b\u00e9ns i serveis oferts a trav\u00e9s d&#8217;www.burespro.com, per mantenir la relaci\u00f3 contractual, aix\u00ed com la gesti\u00f3, administraci\u00f3, informaci\u00f3, prestaci\u00f3 i millora del servei.<\/li><li>Enviament d&#8217;informaci\u00f3 sol\u00b7licitada a trav\u00e9s dels formularis disposats a www.burespro.com.<\/li><li>Remetre butlletins (newsletters), aix\u00ed com comunicacions comercials de promocions i \/ o publicitat de BUR\u00c9S PROFESIONAL S.A. i del sector.<\/li><\/ol>\n\n\n\n<p>Et\nrecordem que pots oposar-te a l&#8217;enviament de comunicacions comercials per\nqualsevol via i en qualsevol moment, remetent un correu electr\u00f2nic a l&#8217;adre\u00e7a\nindicada anteriorment.<\/p>\n\n\n\n<p>Els camps\nd&#8217;aquests registres s\u00f3n d&#8217;ompliment obligatori, sent impossible realitzar les\nfinalitats expressades si no s&#8217;aporten aquestes dades.<\/p>\n\n\n\n<p><strong>Per quant de temps es conserven les\ndades personals recollides?<\/strong><\/p>\n\n\n\n<p>Les dades\npersonals proporcionades es conservaran mentre es mantingui la relaci\u00f3\ncomercial o no demanis la seva supressi\u00f3 i durant el termini pel qual es puguin\nderivar responsabilitats legals pels serveis prestats.<\/p>\n\n\n\n<p><strong>Legitimaci\u00f3:<\/strong><\/p>\n\n\n\n<p>El\ntractament de les teves dades es realitza amb les seg\u00fcents bases jur\u00eddiques que\nlegitimen el mateix:<\/p>\n\n\n\n<ol class=\"wp-block-list\"><li>La sol\u00b7licitud d&#8217;informaci\u00f3 i \/ o la contractaci\u00f3 dels serveis de BUR\u00c9S PROFESSIONAL S.A., els termes i condicions es posaran a la teva disposici\u00f3 en tot cas, de forma pr\u00e8via a una eventual contractaci\u00f3.<\/li><li>El consentiment lliure, espec\u00edfic, informat i inequ\u00edvoc, en tant que et vam informar posant a la teva disposici\u00f3 la present pol\u00edtica de privacitat, que despr\u00e9s de la lectura de la mateixa, en cas d&#8217;estar conforme, pots acceptar mitjan\u00e7ant una declaraci\u00f3 o una clara acci\u00f3 afirmativa, com el marcat d&#8217;una casella disposada a aquest efecte.<\/li><\/ol>\n\n\n\n<p>En cas\nque no ens facilitis les teves dades o el facis de forma err\u00f2nia o incompleta,\nno podrem atendre la teva sol\u00b7licitud, resultant del tot impossible\nproporcionar la informaci\u00f3 sol\u00b7licitada o dur a terme la contractaci\u00f3 dels\nserveis.<\/p>\n\n\n\n<p><strong>Destinataris:<\/strong><\/p>\n\n\n\n<p>Les dades\nno es comunicaran a cap tercer ali\u00e8 a BUR\u00c9S PROFESIONAL S.A., llevat obligaci\u00f3\nlegal.<\/p>\n\n\n\n<p><strong>Dades recopilades per usuaris dels\nserveis<\/strong><\/p>\n\n\n\n<p>En els\ncasos en qu\u00e8 l&#8217;usuari inclogui fitxers amb dades de car\u00e0cter personal en els\nservidors d&#8217;allotjament compartit, BUR\u00c9S PROFESIONAL, SA, no es fa responsable\ndel incompliment per part de l&#8217;usuari del RGPD.<\/p>\n\n\n\n<p><strong>Retenci\u00f3 de dades en conformitat a la\nLSSI<\/strong><\/p>\n\n\n\n<p>BUR\u00c9S\nPROFESIONAL, SA, informa que, com a prestador de servei d&#8217;allotjament de dades\ni en virtut del que estableix la Llei 34\/2002 de 11 de juliol de Serveis de la\nSocietat de la Informaci\u00f3 i de Comer\u00e7 Electr\u00f2nic (LSSI), ret\u00e9 per un per\u00edode\nm\u00e0xim de 12 mesos la informaci\u00f3 imprescindible per identificar l&#8217;origen de les\ndades allotjades i el moment en qu\u00e8 es va iniciar la prestaci\u00f3 del servei. La\nretenci\u00f3 d&#8217;aquestes dades no afecta el secret de les comunicacions i nom\u00e9s\npodran ser utilitzats en el marc d&#8217;una investigaci\u00f3 criminal o per a la\nsalvaguarda de la seguretat p\u00fablica, posant-se a disposici\u00f3 dels jutges i \/ o\ntribunals o del Ministeri que aix\u00ed els requereixi .<\/p>\n\n\n\n<p>La\ncomunicaci\u00f3 de dades a les Forces i Cossos de l&#8217;Estat es far\u00e0 en virtut al que\ndisposa la normativa sobre protecci\u00f3 de dades personals.<\/p>\n\n\n\n<p><strong>Drets propietat intel\u00b7lectual&nbsp; BUR\u00c9S PROFESIONAL, S.A.<\/strong><\/p>\n\n\n\n<p>BUR\u00c9S\nPROFESIONAL, SA, \u00e9s titular de tots els drets d&#8217;autor, propietat intel\u00b7lectual,\nindustrial, &#8220;know how&#8221; i tots els altres drets guarden relaci\u00f3 amb\nels continguts del lloc web www.burespro.com i els serveis oferts en el mateix,\naix\u00ed com dels programes necessaris per a la seva implementaci\u00f3 i la informaci\u00f3\nrelacionada.<\/p>\n\n\n\n<p>No es\npermet la reproducci\u00f3, publicaci\u00f3 i \/ o \u00fas no estrictament privat dels\ncontinguts, totals o parcials, del lloc web www.burespro.com sense el\nconsentiment previ i per escrit.<\/p>\n\n\n\n<p><strong>Propietat intel\u00b7lectual del programari<\/strong><\/p>\n\n\n\n<p>L&#8217;usuari\nha de respectar els programes de tercers posats a la seva disposici\u00f3 per BUR\u00c9S\nPROFESIONAL, SA, tot i ser gratu\u00efts i \/ o de disposici\u00f3 p\u00fablica.<\/p>\n\n\n\n<p>BUR\u00c9S\nPROFESIONAL, SA, disposa dels drets d&#8217;explotaci\u00f3 i propietat intel\u00b7lectual\nnecessaris del programari.<\/p>\n\n\n\n<p>L&#8217;usuari\nno adquireix cap dret o llic\u00e8ncia pel servei contractat, sobre el programari\nnecessari per a la prestaci\u00f3 del servei, ni tampoc sobre la informaci\u00f3 t\u00e8cnica\nde seguiment del servei, excepci\u00f3 feta dels drets i llic\u00e8ncies necessaris per\nal compliment dels serveis contractats i \u00fanicament durant la durada dels\nmateixos.<\/p>\n\n\n\n<p>Per a\ntota actuaci\u00f3 que excedeixi el compliment del contracte, l&#8217;usuari necessita\nautoritzaci\u00f3 per escrit per part de BUR\u00c9S PROFESIONAL, SA, quedant prohibit a\nl&#8217;usuari accedir, modificar, visualitzar la configuraci\u00f3, estructura i fitxers\ndels servidors propietat de BUR\u00c9S PROFESIONAL, SA, assumint la responsabilitat\ncivil i penal derivada de qualsevol incid\u00e8ncia que es pogu\u00e9s produir en els\nservidors i sistemes de seguretat com a conseq\u00fc\u00e8ncia directa d&#8217;una actuaci\u00f3\nnegligent o maliciosa per part seva.<\/p>\n\n\n\n<p><strong>Exempci\u00f3 de responsabilitats<\/strong><\/p>\n\n\n\n<p>El RESPONSABLE s&#8217;eximeix de qualsevol mena de responsabilitat derivada de la informaci\u00f3 publicada en el seu lloc web sempre que aquesta informaci\u00f3 hagi estat manipulada o introdu\u00efda per un tercer ali\u00e8 a aquest.<\/p>\n\n\n\n<p><strong>\u00das de Cookies<\/strong><br>Aquest lloc web de pot utilitzar cookies t\u00e8cniques (petits arxius d&#8217;informaci\u00f3 que el servidor envia a l&#8217;ordinador de qui accedeix a la p\u00e0gina) per a dur a terme determinades funcions que s\u00f3n considerades imprescindibles per al correcte funcionament i visualitzaci\u00f3 del lloc. Les cookies utilitzades tenen, en tot cas, car\u00e0cter temporal, amb l&#8217;\u00fanica finalitat de fer m\u00e9s efica\u00e7 la navegaci\u00f3, i desapareixen en acabar la sessi\u00f3 de l&#8217;usuari. En cap cas, aquestes cookies proporcionen per si mateixes dades de car\u00e0cter personal i no s&#8217;utilitzaran per a la recollida d&#8217;aquests.<\/p>\n\n\n\n<p>Mitjan\u00e7ant l&#8217;\u00fas de cookies tamb\u00e9 \u00e9s possible que el servidor on es troba la web reconegui el navegador utilitzat per l&#8217;usuari amb la finalitat que la navegaci\u00f3 sigui m\u00e9s senzilla, permetent, per exemple, l&#8217;acc\u00e9s dels usuaris que s&#8217;hagin registrat pr\u00e8viament a les \u00e0rees, serveis, promocions o concursos reservats exclusivament a ells sense haver de registrar-se en cada visita.<\/p>\n\n\n\n<p>Tamb\u00e9 es poden utilitzar per a mesurar l&#8217;audi\u00e8ncia, par\u00e0metres de tr\u00e0nsit, controlar el progr\u00e9s i nombre d&#8217;entrades, etc., sent en aquests casos cookies prescindibles t\u00e8cnicament, per\u00f2 beneficioses per a l&#8217;usuari. Aquest lloc web no instal\u00b7lar\u00e0 cookies prescindibles sense el consentiment previ de l&#8217;usuari.<\/p>\n\n\n\n<p>L&#8217;usuari t\u00e9 la possibilitat de configurar el seu navegador per a ser alertat de la recepci\u00f3 de cookies i per a impedir la seva instal\u00b7laci\u00f3 en el seu equip. Si us plau, consulti les instruccions del seu navegador per a ampliar aquesta informaci\u00f3.<\/p>\n\n\n\n<p><strong>Pol\u00edtica d&#8217;enlla\u00e7os<\/strong><\/p>\n\n\n\n<p>Des del lloc web, \u00e9s possible que es redirigeixi a continguts de tercers llocs web. At\u00e8s que el RESPONSABLE no pot controlar sempre els continguts introdu\u00efts pels tercers en els seus respectius llocs web, no assumeix cap mena de responsabilitat respecte a aquests continguts. En tot cas, procedir\u00e0 a la retirada immediata de qualsevol contingut que pogu\u00e9s contravenir la legislaci\u00f3 nacional o internacional, la moral o l&#8217;ordre p\u00fablic, procedint a la retirada immediata de la redirecci\u00f3 a aquest lloc web, posant en coneixement de les autoritats competents el contingut en q\u00fcesti\u00f3.<\/p>\n\n\n\n<p>El RESPONSABLE no es fa responsable de la informaci\u00f3 i continguts emmagatzemats, a t\u00edtol enunciatiu, per\u00f2 no limitatiu, en f\u00f2rums, xats, generadors de blogs, comentaris, xarxes socials o qualsevol altre mitj\u00e0 que permeti a tercers publicar continguts de manera independent en la p\u00e0gina web del RESPONSABLE. No obstant aix\u00f2, i en compliment del que es disposa en els articles 11 i 16 de la&nbsp;LSSICE, es posa a la disposici\u00f3 de tots els usuaris, autoritats i forces de seguretat, col\u00b7laborant de manera activa en la retirada o, en el seu cas, bloqueig de tots aquells continguts que puguin afectar o contravenir la legislaci\u00f3 nacional o internacional, els drets de tercers o la moral i l&#8217;ordre p\u00fablic. En cas que l&#8217;usuari consideri que existeix en el lloc web algun contingut que pogu\u00e9s ser susceptible d&#8217;aquesta classificaci\u00f3, es prega el notifiqui de manera immediata a l&#8217;administrador del lloc web.<\/p>\n\n\n\n<p>Aquest lloc web ha estat revisat i provat perqu\u00e8 funcioni correctament. En principi, pot garantir-se el correcte funcionament els 365 dies de l&#8217;any, 24 hores al dia. No obstant aix\u00f2, el RESPONSABLE no descarta la possibilitat que existeixin certs errors de programaci\u00f3, o que esdevinguin causes de for\u00e7a major, cat\u00e0strofes naturals, vagues o circumst\u00e0ncies semblants que facin impossible l&#8217;acc\u00e9s a la p\u00e0gina web.<\/p>\n\n\n\n<p><strong>Adreces IP:<\/strong><\/p>\n\n\n\n<p>Els servidors del lloc web podran detectar de manera autom\u00e0tica l&#8217;adre\u00e7a IP i el nom de domini utilitzats per l&#8217;usuari. Una adre\u00e7a IP \u00e9s un n\u00famero assignat autom\u00e0ticament a un ordinador quan aquest es connecta a Internet. Tota aquesta informaci\u00f3 \u00e9s registrada en un fitxer d&#8217;activitat del servidor degudament inscrit que permet el posterior processament de les dades amb la finalitat d&#8217;obtenir mesuraments \u00fanicament estad\u00edstics que permetin con\u00e8ixer el nombre d&#8217;impressions de p\u00e0gines, el nombre de visites realitzades als servidors web, l&#8217;ordre de visites, el punt d&#8217;acc\u00e9s, etc.<\/p>\n\n\n\n<p><strong>Propietat intel\u00b7lectual dels continguts\nallotjats<\/strong><\/p>\n\n\n\n<p>Es\nprohibeix l&#8217;\u00fas contrari a la legislaci\u00f3 sobre propietat intel\u00b7lectual dels\nserveis prestats per BUR\u00c9S PROFESIONAL, S.A. i, en particular de:<\/p>\n\n\n\n<ul class=\"wp-block-list\"><li>La utilitzaci\u00f3 que resulti contr\u00e0ria a les lleis espanyoles o que infringeixi els drets de tercers.<\/li><li>La publicaci\u00f3 o la transmissi\u00f3 de qualsevol contingut que, segons el parer de BUR\u00c9S PROFESIONAL, SA, resulti violent, obsc\u00e8, abusiu, il\u00b7legal, racial, xen\u00f2fob o difamatori.<\/li><li>Els cracks, n\u00fameros de s\u00e8rie de programes o qualsevol altre contingut que vulneri drets de la propietat intel\u00b7lectual de tercers.<\/li><li>La recollida i \/ o utilitzaci\u00f3 de dades personals d&#8217;altres usuaris sense el seu consentiment expr\u00e9s o contravenint el que disposa Reglament (UE) 2016\/679 del Parlament Europeu i del Consell, de 27 d&#8217;abril de 2016, relatiu a la protecci\u00f3 de les persones f\u00edsiques pel que fa al tractament de dades personals ia la lliure circulaci\u00f3 dels mateixos.<\/li><li>La utilitzaci\u00f3 del servidor de correu del domini i de les adreces de correu electr\u00f2nic per a l&#8217;enviament de correu massiu no desitjat.<\/li><\/ul>\n\n\n\n<p>L&#8217;usuari\nt\u00e9 tota la responsabilitat sobre el contingut de la seva web, la informaci\u00f3\ntransmesa i emmagatzemada, els enlla\u00e7os d&#8217;hipertext, les reivindicacions de\ntercers i les accions legals en refer\u00e8ncia a propietat intel\u00b7lectual, drets de\ntercers i protecci\u00f3 de menors.<\/p>\n\n\n\n<p>L&#8217;usuari\n\u00e9s responsable respecte a les lleis i reglaments en vigor i les regles que\ntenen a veure amb el funcionament del servei en l\u00ednia, comer\u00e7 electr\u00f2nic, drets\nd&#8217;autor, manteniment de l&#8217;ordre p\u00fablic, aix\u00ed com a principis universals d&#8217;\u00fas\nd&#8217;Internet.<\/p>\n\n\n\n<p>L&#8217;usuari\nindemnitzar\u00e0 BUR\u00c9S PROFESIONAL, S.A. per les despeses que gener\u00e9s la imputaci\u00f3\nde BUR\u00c9S PROFESIONAL, S.A. en alguna causa que fos responsabilitat a l&#8217;usuari,\ninclosos honoraris i despeses de defensa jur\u00eddica, fins i tot en el cas d&#8217;una\ndecisi\u00f3 judicial no definitiva.<\/p>\n\n\n\n<p><strong>Protecci\u00f3 de la informaci\u00f3 allotjada<\/strong><\/p>\n\n\n\n<p>BUR\u00c9S\nPROFESIONAL, S.A. realitza c\u00f2pies de seguretat dels continguts allotjats en els\nseus servidors, per\u00f2 no es responsabilitza de la p\u00e8rdua o l&#8217;esborrat accidental\nde les dades per part dels usuaris. De la mateixa manera, no garanteix la\nreposici\u00f3 total de les dades esborrats pels usuaris, ja que les dades\nesmentades podrien haver estat suprimits i \/ o modificats durant el per\u00edode del\ntemps transcorregut des de l&#8217;\u00faltima c\u00f2pia de seguretat.<\/p>\n\n\n\n<p>Els\nserveis oferts, excepte els serveis espec\u00edfics de backup, no inclouen la\nreposici\u00f3 dels continguts conservats en les c\u00f2pies de seguretat realitzades per\nBUR\u00c9S PROFESIONAL, SA, quan aquesta p\u00e8rdua sigui imputable a l&#8217;usuari; en\naquest cas, es determinar\u00e0 una tarifa d&#8217;acord amb la complexitat i volum de la\nrecuperaci\u00f3, sempre pr\u00e8via acceptaci\u00f3 de l&#8217;usuari.<\/p>\n\n\n\n<p>La reposici\u00f3 de dades esborrats nom\u00e9s est\u00e0 inclosa en el preu del servei quan la p\u00e8rdua del contingut sigui deguda a causes atribu\u00efbles a BUR\u00c9S PROFESIONAL, S.A.<\/p>\n\n\n\n<p><strong>Comunicacions comercials<\/strong><\/p>\n\n\n\n<p>En aplicaci\u00f3\nde la LSSI. BUR\u00c9S PROFESIONAL, S.A. no enviar\u00e0 comunicacions publicit\u00e0ries o\npromocionals per correu electr\u00f2nic o altre mitj\u00e0 de comunicaci\u00f3 electr\u00f2nica\nequivalent que pr\u00e8viament no haguessin estat sol\u00b7licitades o expressament\nautoritzades pels destinataris de les mateixes.<\/p>\n\n\n\n<p>En el cas\nd&#8217;usuaris amb els quals hi hagi una relaci\u00f3 contractual pr\u00e8via, BUR\u00c9S\nPROFESSIONAL, SA si est\u00e0 autoritzat l&#8217;enviament de comunicacions comercials\nreferents a productes o serveis de BUR\u00c9S PROFESIONAL, S.A. que siguin similars\nals que inicialment van ser objecte de contractaci\u00f3 amb el client.<\/p>\n\n\n\n<p>En tot\ncas, l&#8217;usuari, despr\u00e9s d&#8217;acreditar la seva identitat, podr\u00e0 sol\u00b7licitar que no\nse li faci arribar m\u00e9s informaci\u00f3 comercial a trav\u00e9s dels canals d&#8217;Atenci\u00f3 al\nClient.<\/p>\n","protected":false},"excerpt":{"rendered":"<p>BUR\u00c9S PROFESIONAL, SA, en aplicaci\u00f3 de la normativa vigent en mat\u00e8ria de protecci\u00f3 de dades de car\u00e0cter personal, s&#8217;informa que les dades personals que es recullen a trav\u00e9s dels formularis del Lloc web: www.burespro.com, s&#8217;inclouen en els fitxers automatitzats espec\u00edfics d&#8217;usuaris dels serveis de protecci\u00f3 de dades. La recollida i tractament automatitzat de les dades [&hellip;]<\/p>\n","protected":false},"author":1,"featured_media":0,"parent":0,"menu_order":0,"comment_status":"closed","ping_status":"closed","template":"","meta":{"_acf_changed":false,"inline_featured_image":false,"footnotes":""},"class_list":["post-7974","page","type-page","status-publish","hentry"],"acf":[],"yoast_head":"<!-- This site is optimized with the Yoast SEO plugin v26.7 - https:\/\/yoast.com\/wordpress\/plugins\/seo\/ -->\n<title>Pol\u00edtica de privacitat | Bur\u00e9s Profesional<\/title>\n<meta name=\"robots\" content=\"noindex, follow\" \/>\n<meta property=\"og:locale\" content=\"ca_ES\" \/>\n<meta property=\"og:type\" content=\"article\" \/>\n<meta property=\"og:title\" content=\"Pol\u00edtica de privacitat | Bur\u00e9s Profesional\" \/>\n<meta property=\"og:description\" content=\"BUR\u00c9S PROFESIONAL, SA, en aplicaci\u00f3 de la normativa vigent en mat\u00e8ria de protecci\u00f3 de dades de car\u00e0cter personal, s&#8217;informa que les dades personals que es recullen a trav\u00e9s dels formularis del Lloc web: www.burespro.com, s&#8217;inclouen en els fitxers automatitzats espec\u00edfics d&#8217;usuaris dels serveis de protecci\u00f3 de dades. La recollida i tractament automatitzat de les dades [&hellip;]\" \/>\n<meta property=\"og:url\" content=\"https:\/\/www.burespro.com\/ca\/politica-privacidad\/\" \/>\n<meta property=\"og:site_name\" content=\"Bur\u00e9s Profesional\" \/>\n<meta property=\"article:publisher\" content=\"https:\/\/www.facebook.com\/buresprofesionalsa\" \/>\n<meta property=\"article:modified_time\" content=\"2020-03-26T10:07:11+00:00\" \/>\n<meta name=\"twitter:card\" content=\"summary_large_image\" \/>\n<meta name=\"twitter:label1\" content=\"Temps estimat de lectura\" \/>\n\t<meta name=\"twitter:data1\" content=\"12 minuts\" \/>\n<script type=\"application\/ld+json\" class=\"yoast-schema-graph\">{\"@context\":\"https:\/\/schema.org\",\"@graph\":[{\"@type\":\"WebPage\",\"@id\":\"https:\/\/www.burespro.com\/ca\/politica-privacidad\/\",\"url\":\"https:\/\/www.burespro.com\/ca\/politica-privacidad\/\",\"name\":\"Pol\u00edtica de privacitat | Bur\u00e9s Profesional\",\"isPartOf\":{\"@id\":\"https:\/\/www.burespro.com\/#website\"},\"datePublished\":\"2020-01-27T16:36:32+00:00\",\"dateModified\":\"2020-03-26T10:07:11+00:00\",\"breadcrumb\":{\"@id\":\"https:\/\/www.burespro.com\/ca\/politica-privacidad\/#breadcrumb\"},\"inLanguage\":\"ca\",\"potentialAction\":[{\"@type\":\"ReadAction\",\"target\":[\"https:\/\/www.burespro.com\/ca\/politica-privacidad\/\"]}]},{\"@type\":\"BreadcrumbList\",\"@id\":\"https:\/\/www.burespro.com\/ca\/politica-privacidad\/#breadcrumb\",\"itemListElement\":[{\"@type\":\"ListItem\",\"position\":1,\"name\":\"Inici\",\"item\":\"https:\/\/www.burespro.com\/ca\/\"},{\"@type\":\"ListItem\",\"position\":2,\"name\":\"Pol\u00edtica de privacitat\"}]},{\"@type\":\"WebSite\",\"@id\":\"https:\/\/www.burespro.com\/#website\",\"url\":\"https:\/\/www.burespro.com\/\",\"name\":\"Bur\u00e9s Profesional\",\"description\":\"Fabricants de terres, substrats de cultiu, fertilitzants i adobs org\u00e0nics\",\"potentialAction\":[{\"@type\":\"SearchAction\",\"target\":{\"@type\":\"EntryPoint\",\"urlTemplate\":\"https:\/\/www.burespro.com\/?s={search_term_string}\"},\"query-input\":{\"@type\":\"PropertyValueSpecification\",\"valueRequired\":true,\"valueName\":\"search_term_string\"}}],\"inLanguage\":\"ca\"}]}<\/script>\n<!-- \/ Yoast SEO plugin. -->","yoast_head_json":{"title":"Pol\u00edtica de privacitat | Bur\u00e9s Profesional","robots":{"index":"noindex","follow":"follow"},"og_locale":"ca_ES","og_type":"article","og_title":"Pol\u00edtica de privacitat | Bur\u00e9s Profesional","og_description":"BUR\u00c9S PROFESIONAL, SA, en aplicaci\u00f3 de la normativa vigent en mat\u00e8ria de protecci\u00f3 de dades de car\u00e0cter personal, s&#8217;informa que les dades personals que es recullen a trav\u00e9s dels formularis del Lloc web: www.burespro.com, s&#8217;inclouen en els fitxers automatitzats espec\u00edfics d&#8217;usuaris dels serveis de protecci\u00f3 de dades. La recollida i tractament automatitzat de les dades [&hellip;]","og_url":"https:\/\/www.burespro.com\/ca\/politica-privacidad\/","og_site_name":"Bur\u00e9s Profesional","article_publisher":"https:\/\/www.facebook.com\/buresprofesionalsa","article_modified_time":"2020-03-26T10:07:11+00:00","twitter_card":"summary_large_image","twitter_misc":{"Temps estimat de lectura":"12 minuts"},"schema":{"@context":"https:\/\/schema.org","@graph":[{"@type":"WebPage","@id":"https:\/\/www.burespro.com\/ca\/politica-privacidad\/","url":"https:\/\/www.burespro.com\/ca\/politica-privacidad\/","name":"Pol\u00edtica de privacitat | Bur\u00e9s Profesional","isPartOf":{"@id":"https:\/\/www.burespro.com\/#website"},"datePublished":"2020-01-27T16:36:32+00:00","dateModified":"2020-03-26T10:07:11+00:00","breadcrumb":{"@id":"https:\/\/www.burespro.com\/ca\/politica-privacidad\/#breadcrumb"},"inLanguage":"ca","potentialAction":[{"@type":"ReadAction","target":["https:\/\/www.burespro.com\/ca\/politica-privacidad\/"]}]},{"@type":"BreadcrumbList","@id":"https:\/\/www.burespro.com\/ca\/politica-privacidad\/#breadcrumb","itemListElement":[{"@type":"ListItem","position":1,"name":"Inici","item":"https:\/\/www.burespro.com\/ca\/"},{"@type":"ListItem","position":2,"name":"Pol\u00edtica de privacitat"}]},{"@type":"WebSite","@id":"https:\/\/www.burespro.com\/#website","url":"https:\/\/www.burespro.com\/","name":"Bur\u00e9s Profesional","description":"Fabricants de terres, substrats de cultiu, fertilitzants i adobs org\u00e0nics","potentialAction":[{"@type":"SearchAction","target":{"@type":"EntryPoint","urlTemplate":"https:\/\/www.burespro.com\/?s={search_term_string}"},"query-input":{"@type":"PropertyValueSpecification","valueRequired":true,"valueName":"search_term_string"}}],"inLanguage":"ca"}]}},"_links":{"self":[{"href":"https:\/\/www.burespro.com\/ca\/wp-json\/wp\/v2\/pages\/7974","targetHints":{"allow":["GET"]}}],"collection":[{"href":"https:\/\/www.burespro.com\/ca\/wp-json\/wp\/v2\/pages"}],"about":[{"href":"https:\/\/www.burespro.com\/ca\/wp-json\/wp\/v2\/types\/page"}],"author":[{"embeddable":true,"href":"https:\/\/www.burespro.com\/ca\/wp-json\/wp\/v2\/users\/1"}],"replies":[{"embeddable":true,"href":"https:\/\/www.burespro.com\/ca\/wp-json\/wp\/v2\/comments?post=7974"}],"version-history":[{"count":5,"href":"https:\/\/www.burespro.com\/ca\/wp-json\/wp\/v2\/pages\/7974\/revisions"}],"predecessor-version":[{"id":14256,"href":"https:\/\/www.burespro.com\/ca\/wp-json\/wp\/v2\/pages\/7974\/revisions\/14256"}],"wp:attachment":[{"href":"https:\/\/www.burespro.com\/ca\/wp-json\/wp\/v2\/media?parent=7974"}],"curies":[{"name":"wp","href":"https:\/\/api.w.org\/{rel}","templated":true}]}}